{"id":189,"date":"2025-12-22T04:34:30","date_gmt":"2025-12-22T04:34:30","guid":{"rendered":"https:\/\/jucanetocondominios.com.br\/rocca\/?page_id=189"},"modified":"2026-02-18T04:17:21","modified_gmt":"2026-02-18T04:17:21","slug":"lgpd","status":"publish","type":"page","link":"https:\/\/roccaincorporadora.com.br\/index.php\/lgpd\/","title":{"rendered":"LGPD"},"content":{"rendered":"<style>.elementor-189 .elementor-element.elementor-element-72fb7fb7{--display:flex;--flex-direction:column;--container-widget-width:100%;--container-widget-height:initial;--container-widget-flex-grow:0;--container-widget-align-self:initial;--flex-wrap-mobile:wrap;--margin-top:0px;--margin-bottom:0px;--margin-left:0px;--margin-right:0px;--padding-top:0px;--padding-bottom:0px;--padding-left:0px;--padding-right:0px;}.elementor-189 .elementor-element.elementor-element-6e4d99ea{--display:flex;--border-radius:20px 20px 20px 20px;--margin-top:0px;--margin-bottom:0px;--margin-left:0px;--margin-right:0px;--padding-top:100px;--padding-bottom:100px;--padding-left:32px;--padding-right:32px;}.elementor-189 .elementor-element.elementor-element-6e4d99ea:not(.elementor-motion-effects-element-type-background), .elementor-189 .elementor-element.elementor-element-6e4d99ea > .elementor-motion-effects-container > .elementor-motion-effects-layer{background-color:var( --e-global-color-secondary );}.elementor-189 .elementor-element.elementor-element-4570a8f5.elementor-element{--align-self:center;}.elementor-189 .elementor-element.elementor-element-4570a8f5{text-align:center;}.elementor-189 .elementor-element.elementor-element-4570a8f5 .elementor-heading-title{font-family:\"Montserrat\", Sans-serif;font-size:45px;font-weight:600;text-transform:none;font-style:normal;text-decoration:none;line-height:83px;color:var( --e-global-color-primary );}.elementor-189 .elementor-element.elementor-element-3d64d4e7{background-color:var( --e-global-color-text );margin:-48px 0px calc(var(--kit-widget-spacing, 0px) + 0px) 0px;padding:25px 25px 18px 25px;border-radius:100px 100px 100px 100px;}.elementor-189 .elementor-element.elementor-element-3d64d4e7.elementor-element{--align-self:center;}.elementor-189 .elementor-element.elementor-element-3d64d4e7 .elementor-icon-wrapper{text-align:center;}.elementor-189 .elementor-element.elementor-element-3d64d4e7.elementor-view-stacked .elementor-icon{background-color:var( --e-global-color-primary );}.elementor-189 .elementor-element.elementor-element-3d64d4e7.elementor-view-framed .elementor-icon, .elementor-189 .elementor-element.elementor-element-3d64d4e7.elementor-view-default .elementor-icon{color:var( --e-global-color-primary );border-color:var( --e-global-color-primary );}.elementor-189 .elementor-element.elementor-element-3d64d4e7.elementor-view-framed .elementor-icon, .elementor-189 .elementor-element.elementor-element-3d64d4e7.elementor-view-default .elementor-icon svg{fill:var( --e-global-color-primary );}.elementor-189 .elementor-element.elementor-element-3d64d4e7 .elementor-icon{font-size:28px;}.elementor-189 .elementor-element.elementor-element-3d64d4e7 .elementor-icon svg{height:28px;}.elementor-189 .elementor-element.elementor-element-757f9139{--display:flex;--flex-direction:column;--container-widget-width:100%;--container-widget-height:initial;--container-widget-flex-grow:0;--container-widget-align-self:initial;--flex-wrap-mobile:wrap;--margin-top:50px;--margin-bottom:100px;--margin-left:0px;--margin-right:0px;--padding-top:0px;--padding-bottom:0px;--padding-left:0px;--padding-right:0px;}.elementor-189 .elementor-element.elementor-element-2a2b5e58 .rkit-accordion-header{background-color:var( --e-global-color-primary );flex-direction:row;border-style:solid;border-width:0px 0px 1px 0px;border-color:var( --e-global-color-6b8732f );border-radius:0px 0px 0px 0px;}.elementor-189 .elementor-element.elementor-element-2a2b5e58 .rkit-accordion{gap:0px;}.elementor-189 .elementor-element.elementor-element-2a2b5e58 .rkit-accordion__title{text-align:left;font-family:var( --e-global-typography-5399d9c-font-family ), Sans-serif;font-size:var( --e-global-typography-5399d9c-font-size );font-weight:var( --e-global-typography-5399d9c-font-weight );text-transform:var( --e-global-typography-5399d9c-text-transform );font-style:var( --e-global-typography-5399d9c-font-style );text-decoration:var( --e-global-typography-5399d9c-text-decoration );line-height:var( --e-global-typography-5399d9c-line-height );padding:16px 0px 16px 0px;color:var( --e-global-color-secondary );}.elementor-189 .elementor-element.elementor-element-2a2b5e58 .rkit-accordion-item.open .rkit-accordion__title{color:var( --e-global-color-secondary );}.elementor-189 .elementor-element.elementor-element-2a2b5e58 .rkit-accordion-header:hover .rkit-accordion__title{color:var( --e-global-color-secondary );}.elementor-189 .elementor-element.elementor-element-2a2b5e58 .rkit-accordion-header:hover{border-style:solid;border-width:0px 0px 1px 0px;border-color:var( --e-global-color-6b8732f );border-radius:0px 0px 0px 0px;}.elementor-189 .elementor-element.elementor-element-2a2b5e58 .rkit-accordion__icon .icon_close , .rkit-accordion__icon .icon_open{color:var( --e-global-color-text );fill:var( --e-global-color-text );}.elementor-189 .elementor-element.elementor-element-2a2b5e58 .rkit-accordion-item.open .rkit-accordion__icon .icon_open , .rkit-accordion-item.open .rkit-accordion__icon .icon_close{color:var( --e-global-color-text );fill:var( --e-global-color-text );}.elementor-189 .elementor-element.elementor-element-2a2b5e58 .rkit-accordion-header:hover .rkit-accordion__icon .icon_close , .rkit-accordion-header:hover .rkit-accordion__icon .icon_open{color:var( --e-global-color-text );fill:var( --e-global-color-text );}.elementor-189 .elementor-element.elementor-element-2a2b5e58 .rkit-accordion__content{text-align:left;font-family:var( --e-global-typography-text-font-family ), Sans-serif;font-size:var( --e-global-typography-text-font-size );font-weight:var( --e-global-typography-text-font-weight );text-transform:var( --e-global-typography-text-text-transform );font-style:var( --e-global-typography-text-font-style );text-decoration:var( --e-global-typography-text-text-decoration );line-height:var( --e-global-typography-text-line-height );border-style:solid;border-width:0px 0px 1px 0px;border-color:var( --e-global-color-6b8732f );border-radius:0px 0px 0px 0px;padding:48px 150px 20px 12px;}:root{--page-title-display:none;}@media(max-width:1024px){.elementor-189 .elementor-element.elementor-element-72fb7fb7{--padding-top:0px;--padding-bottom:0px;--padding-left:25px;--padding-right:25px;}.elementor-189 .elementor-element.elementor-element-4570a8f5.elementor-element{--align-self:center;}.elementor-189 .elementor-element.elementor-element-757f9139{--padding-top:0px;--padding-bottom:0px;--padding-left:25px;--padding-right:25px;}.elementor-189 .elementor-element.elementor-element-2a2b5e58 .rkit-accordion__title{font-size:var( --e-global-typography-5399d9c-font-size );line-height:var( --e-global-typography-5399d9c-line-height );}.elementor-189 .elementor-element.elementor-element-2a2b5e58 .rkit-accordion__content{font-size:var( --e-global-typography-text-font-size );line-height:var( --e-global-typography-text-line-height );}}@media(max-width:767px){.elementor-189 .elementor-element.elementor-element-4570a8f5.elementor-element{--align-self:center;}.elementor-189 .elementor-element.elementor-element-4570a8f5{text-align:center;}.elementor-189 .elementor-element.elementor-element-2a2b5e58 .rkit-accordion__title{font-size:var( --e-global-typography-5399d9c-font-size );line-height:var( --e-global-typography-5399d9c-line-height );}.elementor-189 .elementor-element.elementor-element-2a2b5e58 .rkit-accordion__content{font-size:var( --e-global-typography-text-font-size );line-height:var( --e-global-typography-text-line-height );}}<\/style>\t\t<div data-elementor-type=\"wp-page\" data-elementor-id=\"189\" class=\"elementor elementor-189\" data-elementor-post-type=\"page\">\n\t\t\t\t<div class=\"elementor-element elementor-element-72fb7fb7 e-flex e-con-boxed e-con e-parent\" data-id=\"72fb7fb7\" data-element_type=\"container\">\n\t\t\t\t\t<div class=\"e-con-inner\">\n\t\t<div class=\"elementor-element elementor-element-6e4d99ea e-con-full e-flex e-con e-child\" data-id=\"6e4d99ea\" data-element_type=\"container\" data-settings=\"{&quot;background_background&quot;:&quot;classic&quot;}\">\n\t\t\t\t<div class=\"elementor-element elementor-element-4570a8f5 elementor-invisible elementor-widget elementor-widget-heading\" data-id=\"4570a8f5\" data-element_type=\"widget\" data-settings=\"{&quot;_animation&quot;:&quot;fadeInDown&quot;}\" data-widget_type=\"heading.default\">\n\t\t\t\t\t<h5 class=\"elementor-heading-title elementor-size-default\">Pol\u00edtica de Privacidade \u2013 LGPD<\/h5>\t\t\t\t<\/div>\n\t\t\t\t<\/div>\n\t\t\t\t<div class=\"elementor-element elementor-element-3d64d4e7 elementor-view-default elementor-invisible elementor-widget elementor-widget-icon\" data-id=\"3d64d4e7\" data-element_type=\"widget\" data-settings=\"{&quot;_animation&quot;:&quot;bounceIn&quot;}\" data-widget_type=\"icon.default\">\n\t\t\t\t\t\t\t<div class=\"elementor-icon-wrapper\">\n\t\t\t<a class=\"elementor-icon\" href=\"#\">\n\t\t\t<i aria-hidden=\"true\" class=\"rtmicon rtmicon-arrow-down\"><\/i>\t\t\t<\/a>\n\t\t<\/div>\n\t\t\t\t\t\t<\/div>\n\t\t\t\t\t<\/div>\n\t\t\t\t<\/div>\n\t\t<div class=\"elementor-element elementor-element-757f9139 e-flex e-con-boxed e-con e-parent\" data-id=\"757f9139\" data-element_type=\"container\">\n\t\t\t\t\t<div class=\"e-con-inner\">\n\t\t\t\t<div class=\"elementor-element elementor-element-2a2b5e58 elementor-invisible elementor-widget elementor-widget-rkit-accordion\" data-id=\"2a2b5e58\" data-element_type=\"widget\" data-settings=\"{&quot;_animation&quot;:&quot;fadeInUp&quot;}\" data-widget_type=\"rkit-accordion.default\">\n\t\t\t\t<div class=\"elementor-widget-container\">\n\t\t\t\t\t\r\n        <div class=\"rkit-accordion\">\r\n                            <div class=\"rkit-accordion-item \">\r\n                    <div class=\"rkit-accordion-header\">\r\n                        <span class=\"rkit-accordion__title\">\r\n                            Rocca Construtora                        <\/span>\r\n                        <div class=\"rkit-accordion__icon\">\r\n                            <i aria-hidden=\"true\" class=\"icon_close rtmicon rtmicon-chevron-down\"><\/i>                            <i aria-hidden=\"true\" class=\"icon_open rtmicon rtmicon-chevron-up\"><\/i>                        <\/div>\r\n                    <\/div>\r\n                    <div class=\"rkit-accordion-content\">\r\n                        <div class=\"rkit-accordion__content\">\r\n                            <p>Aqui na Rocca, respeitamos sua privacidade e estamos comprometidos com a prote\u00e7\u00e3o dos seus dados pessoais, em conformidade com a Lei Geral de Prote\u00e7\u00e3o de Dados (LGPD \u2013 Lei n\u00ba 13.709\/2018). consectetur adipiscing elit.<\/p>                        <\/div>\r\n                    <\/div>\r\n                <\/div>\r\n                            <div class=\"rkit-accordion-item \">\r\n                    <div class=\"rkit-accordion-header\">\r\n                        <span class=\"rkit-accordion__title\">\r\n                            Por que coletamos seus dados?                        <\/span>\r\n                        <div class=\"rkit-accordion__icon\">\r\n                            <i aria-hidden=\"true\" class=\"icon_close rtmicon rtmicon-chevron-down\"><\/i>                            <i aria-hidden=\"true\" class=\"icon_open rtmicon rtmicon-chevron-up\"><\/i>                        <\/div>\r\n                    <\/div>\r\n                    <div class=\"rkit-accordion-content\">\r\n                        <div class=\"rkit-accordion__content\">\r\n                            <p>Coletamos informa\u00e7\u00f5es pessoais para oferecer uma experi\u00eancia mais segura, eficiente e personalizada ao visitar nosso site, participar de lan\u00e7amentos, solicitar informa\u00e7\u00f5es sobre nossos empreendimentos ou entrar em contato conosco.<br \/>Seus dados s\u00e3o utilizados para:<\/p><ul><li>Responder d\u00favidas, solicita\u00e7\u00f5es e fornecer informa\u00e7\u00f5es sobre nossos im\u00f3veis;<\/li><li>Realizar cadastros para atendimento, visitas e negocia\u00e7\u00f5es;<\/li><li>Enviar comunica\u00e7\u00f5es sobre lan\u00e7amentos, novidades e eventos;<\/li><li>Cumprir obriga\u00e7\u00f5es legais e regulat\u00f3rias.<\/li><\/ul>                        <\/div>\r\n                    <\/div>\r\n                <\/div>\r\n                            <div class=\"rkit-accordion-item \">\r\n                    <div class=\"rkit-accordion-header\">\r\n                        <span class=\"rkit-accordion__title\">\r\n                            Quais dados coletamos?                        <\/span>\r\n                        <div class=\"rkit-accordion__icon\">\r\n                            <i aria-hidden=\"true\" class=\"icon_close rtmicon rtmicon-chevron-down\"><\/i>                            <i aria-hidden=\"true\" class=\"icon_open rtmicon rtmicon-chevron-up\"><\/i>                        <\/div>\r\n                    <\/div>\r\n                    <div class=\"rkit-accordion-content\">\r\n                        <div class=\"rkit-accordion__content\">\r\n                            <p>Podemos coletar, conforme necess\u00e1rio:<\/p><ul><li>Nome, telefone, e-mail e endere\u00e7o;<\/li><li>Informa\u00e7\u00f5es sobre prefer\u00eancias de im\u00f3veis (tipo de unidade, n\u00famero de dormit\u00f3rios, localiza\u00e7\u00e3o);<\/li><li>Dados de navega\u00e7\u00e3o e intera\u00e7\u00e3o com nosso site.<\/li><\/ul><p>\u00a0<\/p>                        <\/div>\r\n                    <\/div>\r\n                <\/div>\r\n                            <div class=\"rkit-accordion-item \">\r\n                    <div class=\"rkit-accordion-header\">\r\n                        <span class=\"rkit-accordion__title\">\r\n                            Como protegemos seus dados?                        <\/span>\r\n                        <div class=\"rkit-accordion__icon\">\r\n                            <i aria-hidden=\"true\" class=\"icon_close rtmicon rtmicon-chevron-down\"><\/i>                            <i aria-hidden=\"true\" class=\"icon_open rtmicon rtmicon-chevron-up\"><\/i>                        <\/div>\r\n                    <\/div>\r\n                    <div class=\"rkit-accordion-content\">\r\n                        <div class=\"rkit-accordion__content\">\r\n                            <p>Utilizamos medidas t\u00e9cnicas e administrativas para garantir a seguran\u00e7a, integridade e confidencialidade das suas informa\u00e7\u00f5es, evitando acessos n\u00e3o autorizados ou uso indevido.<\/p>                        <\/div>\r\n                    <\/div>\r\n                <\/div>\r\n                            <div class=\"rkit-accordion-item \">\r\n                    <div class=\"rkit-accordion-header\">\r\n                        <span class=\"rkit-accordion__title\">\r\n                            Com quem compartilhamos seus dados?                        <\/span>\r\n                        <div class=\"rkit-accordion__icon\">\r\n                            <i aria-hidden=\"true\" class=\"icon_close rtmicon rtmicon-chevron-down\"><\/i>                            <i aria-hidden=\"true\" class=\"icon_open rtmicon rtmicon-chevron-up\"><\/i>                        <\/div>\r\n                    <\/div>\r\n                    <div class=\"rkit-accordion-content\">\r\n                        <div class=\"rkit-accordion__content\">\r\n                            <p>Seus dados s\u00f3 ser\u00e3o compartilhados com terceiros quando for necess\u00e1rio para cumprir finalidades leg\u00edtimas, como prestadores de servi\u00e7o, \u00f3rg\u00e3os p\u00fablicos ou parceiros envolvidos na concretiza\u00e7\u00e3o de neg\u00f3cios, sempre respeitando a legisla\u00e7\u00e3o vigente.<\/p>                        <\/div>\r\n                    <\/div>\r\n                <\/div>\r\n                            <div class=\"rkit-accordion-item \">\r\n                    <div class=\"rkit-accordion-header\">\r\n                        <span class=\"rkit-accordion__title\">\r\n                            Seus direitos como titular                        <\/span>\r\n                        <div class=\"rkit-accordion__icon\">\r\n                            <i aria-hidden=\"true\" class=\"icon_close rtmicon rtmicon-chevron-down\"><\/i>                            <i aria-hidden=\"true\" class=\"icon_open rtmicon rtmicon-chevron-up\"><\/i>                        <\/div>\r\n                    <\/div>\r\n                    <div class=\"rkit-accordion-content\">\r\n                        <div class=\"rkit-accordion__content\">\r\n                            <p>Voc\u00ea pode, a qualquer momento, solicitar:<\/p><ul><li>Confirma\u00e7\u00e3o do tratamento dos seus dados;<\/li><li>Acesso, corre\u00e7\u00e3o, atualiza\u00e7\u00e3o ou exclus\u00e3o das suas informa\u00e7\u00f5es;<\/li><li>Portabilidade dos dados;<\/li><li>Informa\u00e7\u00f5es sobre compartilhamento;<\/li><li>Revoga\u00e7\u00e3o do consentimento.<\/li><\/ul><p>Para exercer seus direitos, entre em contato pelo e-mail:\u00a0lgpd@roccaconstrutora.com.br ou pelo telefone: (11) 99999-9999.<\/p><p>.<\/p>                        <\/div>\r\n                    <\/div>\r\n                <\/div>\r\n                    <\/div>\r\n\r\n\t\t\t\t<\/div>\n\t\t\t\t<\/div>\n\t\t\t\t\t<\/div>\n\t\t\t\t<\/div>\n\t\t\t\t<\/div>\n\t\t","protected":false},"excerpt":{"rendered":"<p>Pol\u00edtica de Privacidade \u2013 LGPD Rocca Construtora Aqui na Rocca, respeitamos sua privacidade e estamos comprometidos com a prote\u00e7\u00e3o dos seus dados pessoais, em conformidade com a Lei Geral de Prote\u00e7\u00e3o de Dados (LGPD \u2013 Lei n\u00ba 13.709\/2018). consectetur adipiscing elit. Por que coletamos seus dados? Coletamos informa\u00e7\u00f5es pessoais para oferecer uma experi\u00eancia mais segura, [&hellip;]<\/p>\n","protected":false},"author":1,"featured_media":0,"parent":0,"menu_order":0,"comment_status":"closed","ping_status":"closed","template":"elementor_header_footer","meta":{"footnotes":""},"class_list":["post-189","page","type-page","status-publish","hentry"],"_links":{"self":[{"href":"https:\/\/roccaincorporadora.com.br\/index.php\/wp-json\/wp\/v2\/pages\/189","targetHints":{"allow":["GET"]}}],"collection":[{"href":"https:\/\/roccaincorporadora.com.br\/index.php\/wp-json\/wp\/v2\/pages"}],"about":[{"href":"https:\/\/roccaincorporadora.com.br\/index.php\/wp-json\/wp\/v2\/types\/page"}],"author":[{"embeddable":true,"href":"https:\/\/roccaincorporadora.com.br\/index.php\/wp-json\/wp\/v2\/users\/1"}],"replies":[{"embeddable":true,"href":"https:\/\/roccaincorporadora.com.br\/index.php\/wp-json\/wp\/v2\/comments?post=189"}],"version-history":[{"count":11,"href":"https:\/\/roccaincorporadora.com.br\/index.php\/wp-json\/wp\/v2\/pages\/189\/revisions"}],"predecessor-version":[{"id":1007,"href":"https:\/\/roccaincorporadora.com.br\/index.php\/wp-json\/wp\/v2\/pages\/189\/revisions\/1007"}],"wp:attachment":[{"href":"https:\/\/roccaincorporadora.com.br\/index.php\/wp-json\/wp\/v2\/media?parent=189"}],"curies":[{"name":"wp","href":"https:\/\/api.w.org\/{rel}","templated":true}]}}